{"id":71,"date":"2024-12-08T16:36:37","date_gmt":"2024-12-08T16:36:37","guid":{"rendered":"https:\/\/ayaeagu.upv.edu.es\/?page_id=71"},"modified":"2024-12-19T09:36:40","modified_gmt":"2024-12-19T09:36:40","slug":"servicios","status":"publish","type":"page","link":"https:\/\/ayaeagu.upv.edu.es\/index.php\/servicios\/","title":{"rendered":"SERVICIOS"},"content":{"rendered":"\n\n","protected":false},"excerpt":{"rendered":"","protected":false},"author":3,"featured_media":0,"parent":0,"menu_order":0,"comment_status":"closed","ping_status":"closed","template":"full-width","meta":{"saved_in_kubio":true,"footnotes":""},"class_list":["post-71","page","type-page","status-publish","hentry"],"kubio_ai_page_context":{"short_desc":"","purpose":"general"},"yoast_head":"<!-- This site is optimized with the Yoast SEO plugin v27.5 - https:\/\/yoast.com\/product\/yoast-seo-wordpress\/ -->\n<title>SERVICIOS -<\/title>\n<meta name=\"description\" content=\"En Brisa&amp;Barro ofrecemos servicios en restauraci\u00f3n de cer\u00e1mica, creaci\u00f3n de menaje personalizado, y de decoraci\u00f3n artesanal.\" \/>\n<meta name=\"robots\" content=\"index, follow, max-snippet:-1, max-image-preview:large, max-video-preview:-1\" \/>\n<link rel=\"canonical\" href=\"https:\/\/ayaeagu.upv.edu.es\/index.php\/servicios\/\" \/>\n<meta property=\"og:locale\" content=\"es_ES\" \/>\n<meta property=\"og:type\" content=\"article\" \/>\n<meta property=\"og:title\" content=\"SERVICIOS -\" \/>\n<meta property=\"og:description\" content=\"En Brisa&amp;Barro ofrecemos servicios en restauraci\u00f3n de cer\u00e1mica, creaci\u00f3n de menaje personalizado, y de decoraci\u00f3n artesanal.\" \/>\n<meta property=\"og:url\" content=\"https:\/\/ayaeagu.upv.edu.es\/index.php\/servicios\/\" \/>\n<meta property=\"article:modified_time\" content=\"2024-12-19T09:36:40+00:00\" \/>\n<meta name=\"twitter:card\" content=\"summary_large_image\" \/>\n<script type=\"application\/ld+json\" class=\"yoast-schema-graph\">{\"@context\":\"https:\\\/\\\/schema.org\",\"@graph\":[{\"@type\":\"WebPage\",\"@id\":\"https:\\\/\\\/ayaeagu.upv.edu.es\\\/index.php\\\/servicios\\\/\",\"url\":\"https:\\\/\\\/ayaeagu.upv.edu.es\\\/index.php\\\/servicios\\\/\",\"name\":\"SERVICIOS -\",\"isPartOf\":{\"@id\":\"https:\\\/\\\/ayaeagu.upv.edu.es\\\/#website\"},\"datePublished\":\"2024-12-08T16:36:37+00:00\",\"dateModified\":\"2024-12-19T09:36:40+00:00\",\"description\":\"En Brisa&Barro ofrecemos servicios en restauraci\u00f3n de cer\u00e1mica, creaci\u00f3n de menaje personalizado, y de decoraci\u00f3n artesanal.\",\"breadcrumb\":{\"@id\":\"https:\\\/\\\/ayaeagu.upv.edu.es\\\/index.php\\\/servicios\\\/#breadcrumb\"},\"inLanguage\":\"es\",\"potentialAction\":[{\"@type\":\"ReadAction\",\"target\":[\"https:\\\/\\\/ayaeagu.upv.edu.es\\\/index.php\\\/servicios\\\/\"]}]},{\"@type\":\"BreadcrumbList\",\"@id\":\"https:\\\/\\\/ayaeagu.upv.edu.es\\\/index.php\\\/servicios\\\/#breadcrumb\",\"itemListElement\":[{\"@type\":\"ListItem\",\"position\":1,\"name\":\"Portada\",\"item\":\"https:\\\/\\\/ayaeagu.upv.edu.es\\\/\"},{\"@type\":\"ListItem\",\"position\":2,\"name\":\"SERVICIOS\"}]},{\"@type\":\"WebSite\",\"@id\":\"https:\\\/\\\/ayaeagu.upv.edu.es\\\/#website\",\"url\":\"https:\\\/\\\/ayaeagu.upv.edu.es\\\/\",\"name\":\"\",\"description\":\"\",\"potentialAction\":[{\"@type\":\"SearchAction\",\"target\":{\"@type\":\"EntryPoint\",\"urlTemplate\":\"https:\\\/\\\/ayaeagu.upv.edu.es\\\/?s={search_term_string}\"},\"query-input\":{\"@type\":\"PropertyValueSpecification\",\"valueRequired\":true,\"valueName\":\"search_term_string\"}}],\"inLanguage\":\"es\"}]}<\/script>\n<!-- \/ Yoast SEO plugin. -->","yoast_head_json":{"title":"SERVICIOS -","description":"En Brisa&Barro ofrecemos servicios en restauraci\u00f3n de cer\u00e1mica, creaci\u00f3n de menaje personalizado, y de decoraci\u00f3n artesanal.","robots":{"index":"index","follow":"follow","max-snippet":"max-snippet:-1","max-image-preview":"max-image-preview:large","max-video-preview":"max-video-preview:-1"},"canonical":"https:\/\/ayaeagu.upv.edu.es\/index.php\/servicios\/","og_locale":"es_ES","og_type":"article","og_title":"SERVICIOS -","og_description":"En Brisa&Barro ofrecemos servicios en restauraci\u00f3n de cer\u00e1mica, creaci\u00f3n de menaje personalizado, y de decoraci\u00f3n artesanal.","og_url":"https:\/\/ayaeagu.upv.edu.es\/index.php\/servicios\/","article_modified_time":"2024-12-19T09:36:40+00:00","twitter_card":"summary_large_image","schema":{"@context":"https:\/\/schema.org","@graph":[{"@type":"WebPage","@id":"https:\/\/ayaeagu.upv.edu.es\/index.php\/servicios\/","url":"https:\/\/ayaeagu.upv.edu.es\/index.php\/servicios\/","name":"SERVICIOS -","isPartOf":{"@id":"https:\/\/ayaeagu.upv.edu.es\/#website"},"datePublished":"2024-12-08T16:36:37+00:00","dateModified":"2024-12-19T09:36:40+00:00","description":"En Brisa&Barro ofrecemos servicios en restauraci\u00f3n de cer\u00e1mica, creaci\u00f3n de menaje personalizado, y de decoraci\u00f3n artesanal.","breadcrumb":{"@id":"https:\/\/ayaeagu.upv.edu.es\/index.php\/servicios\/#breadcrumb"},"inLanguage":"es","potentialAction":[{"@type":"ReadAction","target":["https:\/\/ayaeagu.upv.edu.es\/index.php\/servicios\/"]}]},{"@type":"BreadcrumbList","@id":"https:\/\/ayaeagu.upv.edu.es\/index.php\/servicios\/#breadcrumb","itemListElement":[{"@type":"ListItem","position":1,"name":"Portada","item":"https:\/\/ayaeagu.upv.edu.es\/"},{"@type":"ListItem","position":2,"name":"SERVICIOS"}]},{"@type":"WebSite","@id":"https:\/\/ayaeagu.upv.edu.es\/#website","url":"https:\/\/ayaeagu.upv.edu.es\/","name":"","description":"","potentialAction":[{"@type":"SearchAction","target":{"@type":"EntryPoint","urlTemplate":"https:\/\/ayaeagu.upv.edu.es\/?s={search_term_string}"},"query-input":{"@type":"PropertyValueSpecification","valueRequired":true,"valueName":"search_term_string"}}],"inLanguage":"es"}]}},"_links":{"self":[{"href":"https:\/\/ayaeagu.upv.edu.es\/index.php\/wp-json\/wp\/v2\/pages\/71","targetHints":{"allow":["GET"]}}],"collection":[{"href":"https:\/\/ayaeagu.upv.edu.es\/index.php\/wp-json\/wp\/v2\/pages"}],"about":[{"href":"https:\/\/ayaeagu.upv.edu.es\/index.php\/wp-json\/wp\/v2\/types\/page"}],"author":[{"embeddable":true,"href":"https:\/\/ayaeagu.upv.edu.es\/index.php\/wp-json\/wp\/v2\/users\/3"}],"replies":[{"embeddable":true,"href":"https:\/\/ayaeagu.upv.edu.es\/index.php\/wp-json\/wp\/v2\/comments?post=71"}],"version-history":[{"count":24,"href":"https:\/\/ayaeagu.upv.edu.es\/index.php\/wp-json\/wp\/v2\/pages\/71\/revisions"}],"predecessor-version":[{"id":796,"href":"https:\/\/ayaeagu.upv.edu.es\/index.php\/wp-json\/wp\/v2\/pages\/71\/revisions\/796"}],"wp:attachment":[{"href":"https:\/\/ayaeagu.upv.edu.es\/index.php\/wp-json\/wp\/v2\/media?parent=71"}],"curies":[{"name":"wp","href":"https:\/\/api.w.org\/{rel}","templated":true}]}}